{"id":3859,"date":"2019-02-08T15:51:32","date_gmt":"2019-02-08T14:51:32","guid":{"rendered":"https:\/\/9DB7DA45-86F2-4545-AFF5-5C058E0AEC99"},"modified":"2022-05-20T16:38:12","modified_gmt":"2022-05-20T14:38:12","slug":"manifestations","status":"publish","type":"page","link":"https:\/\/raskaturizam.rs\/en\/manifestations\/","title":{"rendered":"Manifestations"},"content":{"rendered":"<p>[et_pb_section bb_built=&#8217;1&#8242; _builder_version=&#8217;4.4.5&#8242; module_class=&#8217;events-section&#8217; background_color=&#8217;#fafafa&#8217; background_image=&#8217;https:\/\/raskaturizam.rs\/wp-content\/uploads\/2019\/01\/bgd-logo.svg&#8217; background_size=&#8217;initial&#8217; background_position=&#8217;top_left&#8217; custom_padding=&#8217;150px||160px|&#8217; custom_margin=&#8217;-95px|||&#8217; box_shadow_horizontal_tablet=&#8217;0px&#8217; box_shadow_vertical_tablet=&#8217;0px&#8217; box_shadow_blur_tablet=&#8217;40px&#8217; box_shadow_spread_tablet=&#8217;0px&#8217; vertical_offset_tablet=&#8217;0&#8242; horizontal_offset_tablet=&#8217;0&#8242; z_index_tablet=&#8217;0&#8242;][et_pb_row background_position=&#8217;top_left&#8217; background_repeat=&#8217;repeat&#8217; background_size=&#8217;initial&#8217; _builder_version=&#8217;4.4.5&#8242; disabled=&#8217;off&#8217; disabled_on=&#8217;off|off|off&#8217; z_index_tablet=&#8217;500&#8242; box_shadow_horizontal_tablet=&#8217;0px&#8217; box_shadow_vertical_tablet=&#8217;0px&#8217; box_shadow_blur_tablet=&#8217;40px&#8217; box_shadow_spread_tablet=&#8217;0px&#8217; vertical_offset_tablet=&#8217;0&#8242; horizontal_offset_tablet=&#8217;0&#8242;][et_pb_column type=&#8217;4_4&#8242; custom_padding__hover=&#8217;|||&#8217; custom_padding=&#8217;|||&#8217;][et_pb_text admin_label=&#8217;Header&#8217; _builder_version=&#8217;4.4.5&#8242; module_class=&#8217;header&#8217; text_orientation=&#8217;left&#8217;]<\/p>\n<h1>Calendar<\/h1>\n<p>[\/et_pb_text][\/et_pb_column][\/et_pb_row][et_pb_row _builder_version=&#8217;4.4.5&#8242; custom_margin=&#8217;||50px|&#8217; custom_margin_tablet=&#8217;||0px|&#8217; custom_margin_last_edited=&#8217;on|tablet&#8217; disabled=&#8217;off&#8217; disabled_on=&#8217;off|off|off&#8217; z_index_tablet=&#8217;500&#8242; box_shadow_horizontal_tablet=&#8217;0px&#8217; box_shadow_vertical_tablet=&#8217;0px&#8217; box_shadow_blur_tablet=&#8217;40px&#8217; box_shadow_spread_tablet=&#8217;0px&#8217; vertical_offset_tablet=&#8217;0&#8242; horizontal_offset_tablet=&#8217;0&#8242;][et_pb_column type=&#8217;4_4&#8242; custom_padding__hover=&#8217;|||&#8217; custom_padding=&#8217;|||&#8217;][et_pb_text admin_label=&#8217;Calendar&#8217; _builder_version=&#8217;4.4.5&#8242; text_orientation=&#8217;left&#8217;]<\/p>\n\n\n\n<div id=\"wpv-view-layout-535\" class=\"js-wpv-view-layout js-wpv-layout-responsive js-wpv-view-layout-535\" data-viewnumber=\"535\" data-pagination=\"{&quot;id&quot;:535,&quot;query&quot;:&quot;normal&quot;,&quot;type&quot;:&quot;disabled&quot;,&quot;effect&quot;:&quot;fade&quot;,&quot;duration&quot;:500,&quot;speed&quot;:5,&quot;pause_on_hover&quot;:&quot;disabled&quot;,&quot;stop_rollover&quot;:&quot;false&quot;,&quot;cache_pages&quot;:&quot;enabled&quot;,&quot;preload_images&quot;:&quot;enabled&quot;,&quot;preload_pages&quot;:&quot;enabled&quot;,&quot;preload_reach&quot;:1,&quot;spinner&quot;:&quot;builtin&quot;,&quot;spinner_image&quot;:&quot;https:\/\/raskaturizam.rs\/wp-content\/plugins\/wp-views\/embedded\/res\/img\/ajax-loader.gif&quot;,&quot;callback_next&quot;:&quot;&quot;,&quot;manage_history&quot;:&quot;enabled&quot;,&quot;has_controls_in_form&quot;:&quot;disabled&quot;,&quot;infinite_tolerance&quot;:&quot;0&quot;,&quot;max_pages&quot;:0,&quot;page&quot;:1,&quot;base_permalink&quot;:&quot;\/en\/wp-json\/wp\/v2\/pages\/3859?wpv_view_count=535&amp;wpv_paged=WPV_PAGE_NUM&quot;,&quot;loop&quot;:{&quot;type&quot;:&quot;&quot;,&quot;name&quot;:&quot;&quot;,&quot;data&quot;:[],&quot;id&quot;:0}}\" data-permalink=\"\/en\/wp-json\/wp\/v2\/pages\/3859?wpv_view_count=535\">\n\n\t\n\t\n  <div class=\"calendar-wrapper\">\n\t\n\t\t<div class=\"calendar-item\">\n  <div class=\"description\">from May 30th to June 1st<\/div>\n \n   <div class=\"location\"><span><a href=\"https:\/\/raskaturizam.rs\/en\/event\/the-event-days-of-queen-jelena\/\">The event Days of Queen Jelena &#8211; Ra\u0161ka, Gradac<\/a><\/span><\/div>\n<\/div>\n\t\n\t\t<div class=\"calendar-item\">\n  <div class=\"description\">June 29th<\/div>\n  <div class=\"location\"><span>Vidovdan Assembly of Speeches and Toasts &#8211; Pavlica<\/span><\/div>\n  \n<\/div>\n\t\n\t\t<div class=\"calendar-item\">\n  <div class=\"description\">July 7th<\/div>\n  <div class=\"location\"><span>With the dance weaving on Golija &#8211; Golija<\/span><\/div>\n  \n<\/div>\n\t\n\t\t<div class=\"calendar-item\">\n  <div class=\"description\">from July 18th to August 10th<\/div>\n \n   <div class=\"location\"><span><a href=\"https:\/\/raskaturizam.rs\/en\/event\/summer-story-of-kopaonik\/\">Summer Story of Kopaonik &#8211; Kopaonik<\/a><\/span><\/div>\n<\/div>\n\t\n\t\t<div class=\"calendar-item\">\n  <div class=\"description\">from July 26th to July 27th<\/div>\n \n   <div class=\"location\"><span><a href=\"https:\/\/raskaturizam.rs\/en\/event\/trail-race-kopaonik-and-3-sides-of-kopaonik\/\">Trail Race Kopaonik (Running) and the Cycling Race &#8216;Three Sides of Kopaonik&#8217; &#8211; Kopaonik<\/a><\/span><\/div>\n<\/div>\n\t\n\t\t<div class=\"calendar-item\">\n  <div class=\"description\">from July 28th to August 1st<\/div>\n  <div class=\"location\"><span>Comic Colony &#8211; Semete\u0161 Lake<\/span><\/div>\n  \n<\/div>\n\t\n\t\t<div class=\"calendar-item\">\n  <div class=\"description\">from August 1st to August 3rd<\/div>\n \n   <div class=\"location\"><span><a href=\"https:\/\/raskaturizam.rs\/en\/event\/blueberry-days-on-kopaonik\/\">Blueberry Days on Kopaonik &#8211; Kopaonik<\/a><\/span><\/div>\n<\/div>\n\t\n\t\t<div class=\"calendar-item\">\n  <div class=\"description\">August 1st and 2nd<\/div>\n  <div class=\"location\"><span>Ilinski Days &#8211; Semete\u0161 Lake<\/span><\/div>\n  \n<\/div>\n\t\n\t\t<div class=\"calendar-item\">\n  <div class=\"description\">Early August<\/div>\n  <div class=\"location\"><span>Golija encounters &#8211; Grada\u010dka Banja<\/span><\/div>\n  \n<\/div>\n\t\n\t\t<div class=\"calendar-item\">\n  <div class=\"description\">from august 15th to august 19th<\/div>\n \n   <div class=\"location\"><span><a href=\"https:\/\/raskaturizam.rs\/en\/event\/raska-spiritual-ceremonies\/\">Ra\u0161ka spiritual ceremonies &#8211; Ra\u0161ka<\/a><\/span><\/div>\n<\/div>\n\t\n\t\t<div class=\"calendar-item\">\n  <div class=\"description\">August 27th and 28th<\/div>\n  <div class=\"location\"><span>Ladies&#8217; Festival of Folklore &#8211; Jo\u0161ani\u010dka Banja<\/span><\/div>\n  \n<\/div>\n\t\n\t\t<div class=\"calendar-item\">\n  <div class=\"description\">August 28th<\/div>\n  <div class=\"location\"><span>Great Feast Assembly &#8211; Pavlica<\/span><\/div>\n  \n<\/div>\n\t\n\t\t<div class=\"calendar-item\">\n  <div class=\"description\">from September 5th to September 7th<\/div>\n \n   <div class=\"location\"><span><a href=\"https:\/\/raskaturizam.rs\/en\/event\/porcini-days\/\">Porcini days &#8211; Kopaonik<\/a><\/span><\/div>\n<\/div>\n\t\n\t\t<div class=\"calendar-item\">\n  <div class=\"description\">September 7th<\/div>\n \n   <div class=\"location\"><span><a href=\"https:\/\/raskaturizam.rs\/en\/event\/etno-fair-ibar-meetings-the-days-of-nemanjici\/\">Etno fair \u201cIbar meetings \u2013 the Days of Nemanji\u0107i\u201d &#8211; Baljevac<\/a><\/span><\/div>\n<\/div>\n\t\n\t\t<div class=\"calendar-item\">\n  <div class=\"description\">September 7th<\/div>\n  <div class=\"location\"><span>Honey Fair &#8211; Baljevac<\/span><\/div>\n  \n<\/div>\n\t\n\t\t<div class=\"calendar-item\">\n  <div class=\"description\">september 17th<\/div>\n \n   <div class=\"location\"><span><a href=\"https:\/\/raskaturizam.rs\/en\/event\/the-day-of-raska-municipality\/\">The Day of Ra\u0161ka municipality &#8211; Ra\u0161ka<\/a><\/span><\/div>\n<\/div>\n\t\n\t\t<div class=\"calendar-item\">\n  <div class=\"description\">from October 2nd to October 4th<\/div>\n \n   <div class=\"location\"><span><a href=\"https:\/\/raskaturizam.rs\/en\/event\/days-of-milunka-savic\/\">Days of Milunka Savi\u0107 &#8211; Jo\u0161ani\u010dka Banja<\/a><\/span><\/div>\n<\/div>\n\t\n\t\t<div class=\"calendar-item\">\n  <div class=\"description\">October 14th<\/div>\n \n   <div class=\"location\"><span><a href=\"https:\/\/raskaturizam.rs\/en\/event\/fair\/\">Fair in Ra\u0161ka &#8211; Ra\u0161ka<\/a><\/span><\/div>\n<\/div>\n\t\n\t\t<div class=\"calendar-item\">\n  <div class=\"description\">early December<\/div>\n \n   <div class=\"location\"><span><a href=\"https:\/\/raskaturizam.rs\/en\/event\/ski-opening\/\">Ski opening &#8211; Kopaonik<\/a><\/span><\/div>\n<\/div>\n\t\n  <\/div>\n\t\n\t\n\t\n<\/div>\n\n<p>[\/et_pb_text][\/et_pb_column][\/et_pb_row][et_pb_row background_position=&#8217;top_left&#8217; background_repeat=&#8217;repeat&#8217; background_size=&#8217;initial&#8217; _builder_version=&#8217;3.17.1&#8242; custom_padding_tablet=&#8217;||0px|&#8217; custom_padding_last_edited=&#8217;on|tablet&#8217; width=&#8217;80%&#8217; max_width=&#8217;1100px&#8217;][et_pb_column type=&#8217;4_4&#8242; custom_padding__hover=&#8217;|||&#8217; custom_padding=&#8217;|||&#8217;][et_pb_text admin_label=&#8217;Header&#8217; _builder_version=&#8217;3.17.1&#8242; module_class=&#8217;header&#8217; text_orientation=&#8217;left&#8217;]<\/p>\n<h2>Do not miss<\/h2>\n<p>[\/et_pb_text][\/et_pb_column][\/et_pb_row][et_pb_row _builder_version=&#8217;3.17.1&#8242; module_class=&#8217;events&#8217; width=&#8217;80%&#8217; max_width=&#8217;1100px&#8217;][et_pb_column type=&#8217;4_4&#8242; custom_padding__hover=&#8217;|||&#8217; custom_padding=&#8217;|||&#8217;][et_pb_text admin_label=&#8217;Events&#8217; _builder_version=&#8217;3.17.1&#8242; text_orientation=&#8217;left&#8217;]<\/p>\n<form autocomplete=\"off\" name=\"wpv-filter-5253\" action=\"\/en\/wp-json\/wp\/v2\/pages\/3859?wpv_view_count=5253\" method=\"get\" class=\"wpv-filter-form js-wpv-filter-form js-wpv-filter-form-5253 js-wpv-form-full\" data-viewnumber=\"5253\" data-viewid=\"5253\" data-viewhash=\"eyJuYW1lIjoiZXZlbnRzLXZpZXcifQ==\" data-viewwidgetid=\"0\" data-orderby=\"\" data-order=\"\" data-orderbyas=\"\" data-orderbysecond=\"\" data-ordersecond=\"\" data-parametric=\"{&quot;query&quot;:&quot;normal&quot;,&quot;id&quot;:5253,&quot;view_id&quot;:5253,&quot;widget_id&quot;:0,&quot;view_hash&quot;:&quot;5253&quot;,&quot;action&quot;:&quot;\\\/en\\\/wp-json\\\/wp\\\/v2\\\/pages\\\/3859?wpv_view_count=5253&quot;,&quot;sort&quot;:{&quot;orderby&quot;:&quot;&quot;,&quot;order&quot;:&quot;&quot;,&quot;orderby_as&quot;:&quot;&quot;,&quot;orderby_second&quot;:&quot;&quot;,&quot;order_second&quot;:&quot;&quot;},&quot;orderby&quot;:&quot;&quot;,&quot;order&quot;:&quot;&quot;,&quot;orderby_as&quot;:&quot;&quot;,&quot;orderby_second&quot;:&quot;&quot;,&quot;order_second&quot;:&quot;&quot;,&quot;ajax_form&quot;:&quot;&quot;,&quot;ajax_results&quot;:&quot;&quot;,&quot;effect&quot;:&quot;fade&quot;,&quot;prebefore&quot;:&quot;&quot;,&quot;before&quot;:&quot;&quot;,&quot;after&quot;:&quot;&quot;,&quot;attributes&quot;:[],&quot;environment&quot;:{&quot;current_post_id&quot;:3859,&quot;parent_post_id&quot;:3859,&quot;parent_term_id&quot;:0,&quot;parent_user_id&quot;:0,&quot;archive&quot;:{&quot;type&quot;:&quot;&quot;,&quot;name&quot;:&quot;&quot;,&quot;data&quot;:[]}},&quot;loop&quot;:{&quot;type&quot;:&quot;&quot;,&quot;name&quot;:&quot;&quot;,&quot;data&quot;:[],&quot;id&quot;:0}}\" data-attributes=\"[]\" data-environment=\"{&quot;current_post_id&quot;:3859,&quot;parent_post_id&quot;:3859,&quot;parent_term_id&quot;:0,&quot;parent_user_id&quot;:0,&quot;archive&quot;:{&quot;type&quot;:&quot;&quot;,&quot;name&quot;:&quot;&quot;,&quot;data&quot;:[]}}\"><input type=\"hidden\" class=\"js-wpv-dps-filter-data js-wpv-filter-data-for-this-form\" data-action=\"\/en\/wp-json\/wp\/v2\/pages\/3859?wpv_view_count=5253\" data-page=\"1\" data-ajax=\"disable\" data-effect=\"fade\" data-maxpages=\"3\" data-ajaxprebefore=\"\" data-ajaxbefore=\"\" data-ajaxafter=\"\" \/><input class=\"wpv_view_count wpv_view_count-5253\" type=\"hidden\" name=\"wpv_view_count\" value=\"5253\" \/>\n\n<\/form>\n<div id=\"wpv-view-layout-5253\" class=\"js-wpv-view-layout js-wpv-layout-responsive js-wpv-view-layout-5253 wpv-pagination js-wpv-layout-has-pagination wpv-pagination-preload-images js-wpv-layout-preload-images wpv-pagination-preload-pages js-wpv-layout-preload-pages\" style=\"visibility:hidden;\" data-viewnumber=\"5253\" data-pagination=\"{&quot;id&quot;:5253,&quot;query&quot;:&quot;normal&quot;,&quot;type&quot;:&quot;ajaxed&quot;,&quot;effect&quot;:&quot;fade&quot;,&quot;duration&quot;:500,&quot;speed&quot;:5,&quot;pause_on_hover&quot;:&quot;disabled&quot;,&quot;stop_rollover&quot;:&quot;false&quot;,&quot;cache_pages&quot;:&quot;enabled&quot;,&quot;preload_images&quot;:&quot;enabled&quot;,&quot;preload_pages&quot;:&quot;enabled&quot;,&quot;preload_reach&quot;:1,&quot;spinner&quot;:&quot;disabled&quot;,&quot;spinner_image&quot;:&quot;https:\/\/raskaturizam.rs\/wp-content\/plugins\/wp-views\/embedded\/res\/img\/ajax-loader.gif&quot;,&quot;callback_next&quot;:&quot;&quot;,&quot;manage_history&quot;:&quot;enabled&quot;,&quot;has_controls_in_form&quot;:&quot;disabled&quot;,&quot;infinite_tolerance&quot;:0,&quot;max_pages&quot;:3,&quot;page&quot;:1,&quot;base_permalink&quot;:&quot;\/en\/wp-json\/wp\/v2\/pages\/3859?wpv_view_count=5253&amp;wpv_paged=WPV_PAGE_NUM&quot;,&quot;loop&quot;:{&quot;type&quot;:&quot;&quot;,&quot;name&quot;:&quot;&quot;,&quot;data&quot;:[],&quot;id&quot;:0}}\" data-permalink=\"\/en\/wp-json\/wp\/v2\/pages\/3859?wpv_view_count=5253\">\n\n\t\n\t\n  <div class=\"events-wrapper\">\n\t\n\t\t<div class=\"event-item\">\n  <div class=\"image\"><img loading=\"lazy\" decoding=\"async\" width=\"300\" height=\"200\" src=\"https:\/\/raskaturizam.rs\/wp-content\/uploads\/2019\/03\/Dani-kraljice-Jelene-5-300x200.jpg\" class=\"attachment-medium size-medium wp-post-image\" alt=\"\" srcset=\"https:\/\/raskaturizam.rs\/wp-content\/uploads\/2019\/03\/Dani-kraljice-Jelene-5-300x200.jpg 300w, https:\/\/raskaturizam.rs\/wp-content\/uploads\/2019\/03\/Dani-kraljice-Jelene-5-768x512.jpg 768w, https:\/\/raskaturizam.rs\/wp-content\/uploads\/2019\/03\/Dani-kraljice-Jelene-5.jpg 1000w\" sizes=\"(max-width: 300px) 100vw, 300px\" \/><\/div>\n  <div class=\"info\">\n    <p class=\"title\">The event Days of Queen Jelena<\/p>\n    <div class=\"excerpt\"><p>The event Days of Queen Jelena cherishes the memory of<\/p>\n<\/div>\n    <p class=\"read-more\"><a href=\"https:\/\/raskaturizam.rs\/en\/event\/the-event-days-of-queen-jelena\/\">FIND OUT MORE<\/a><\/p>\n  <\/div>\n  \n<\/div>\n\t\n\t\t<div class=\"event-item\">\n  <div class=\"image\"><img loading=\"lazy\" decoding=\"async\" width=\"300\" height=\"200\" src=\"https:\/\/raskaturizam.rs\/wp-content\/uploads\/2019\/03\/Trail-race-4-300x200.jpg\" class=\"attachment-medium size-medium wp-post-image\" alt=\"\" srcset=\"https:\/\/raskaturizam.rs\/wp-content\/uploads\/2019\/03\/Trail-race-4-300x200.jpg 300w, https:\/\/raskaturizam.rs\/wp-content\/uploads\/2019\/03\/Trail-race-4-768x512.jpg 768w, https:\/\/raskaturizam.rs\/wp-content\/uploads\/2019\/03\/Trail-race-4.jpg 1000w\" sizes=\"(max-width: 300px) 100vw, 300px\" \/><\/div>\n  <div class=\"info\">\n    <p class=\"title\">Trail Race Kopaonik (Running) and the Cycling Race &#8216;Three Sides of Kopaonik&#8217;<\/p>\n    <div class=\"excerpt\"><p>For the lovers of nature and sport on Kopaonik, trail<\/p>\n<\/div>\n    <p class=\"read-more\"><a href=\"https:\/\/raskaturizam.rs\/en\/event\/trail-race-kopaonik-and-3-sides-of-kopaonik\/\">FIND OUT MORE<\/a><\/p>\n  <\/div>\n  \n<\/div>\n\t\n\t\t<div class=\"event-item\">\n  <div class=\"image\"><img loading=\"lazy\" decoding=\"async\" width=\"300\" height=\"183\" src=\"https:\/\/raskaturizam.rs\/wp-content\/uploads\/2019\/03\/Dani-borovnice-300x183.jpg\" class=\"attachment-medium size-medium wp-post-image\" alt=\"\" srcset=\"https:\/\/raskaturizam.rs\/wp-content\/uploads\/2019\/03\/Dani-borovnice-300x183.jpg 300w, https:\/\/raskaturizam.rs\/wp-content\/uploads\/2019\/03\/Dani-borovnice-768x468.jpg 768w, https:\/\/raskaturizam.rs\/wp-content\/uploads\/2019\/03\/Dani-borovnice.jpg 1000w\" sizes=\"(max-width: 300px) 100vw, 300px\" \/><\/div>\n  <div class=\"info\">\n    <p class=\"title\">Blueberry Days on Kopaonik<\/p>\n    <div class=\"excerpt\"><p>Blueberry Days is an event that aims to bring together<\/p>\n<\/div>\n    <p class=\"read-more\"><a href=\"https:\/\/raskaturizam.rs\/en\/event\/blueberry-days-on-kopaonik\/\">FIND OUT MORE<\/a><\/p>\n  <\/div>\n  \n<\/div>\n\t\n\t\t<div class=\"event-item\">\n  <div class=\"image\"><img loading=\"lazy\" decoding=\"async\" width=\"300\" height=\"200\" src=\"https:\/\/raskaturizam.rs\/wp-content\/uploads\/2019\/03\/RDS-5-300x200.jpg\" class=\"attachment-medium size-medium wp-post-image\" alt=\"\" srcset=\"https:\/\/raskaturizam.rs\/wp-content\/uploads\/2019\/03\/RDS-5-300x200.jpg 300w, https:\/\/raskaturizam.rs\/wp-content\/uploads\/2019\/03\/RDS-5-768x512.jpg 768w, https:\/\/raskaturizam.rs\/wp-content\/uploads\/2019\/03\/RDS-5.jpg 1000w\" sizes=\"(max-width: 300px) 100vw, 300px\" \/><\/div>\n  <div class=\"info\">\n    <p class=\"title\">Ra\u0161ka spiritual ceremonies<\/p>\n    <div class=\"excerpt\"><p>Developing the awareness of its own cultural values and creating<\/p>\n<\/div>\n    <p class=\"read-more\"><a href=\"https:\/\/raskaturizam.rs\/en\/event\/raska-spiritual-ceremonies\/\">FIND OUT MORE<\/a><\/p>\n  <\/div>\n  \n<\/div>\n\t\n  <\/div>\n<ul class=\"wpv-pagination-nav-links-container js-wpv-pagination-nav-links-container pagination\"><li class=\"wpv-pagination-nav-links-item js-wpv-pagination-nav-links-item page-item wpv-page-link-5253-1 js-wpv-page-link-5253-1 wpv_page_current wpv-pagination-nav-links-item-current active\"><span class=\"wpv-filter-pagination-link page-link\">1<\/span><\/li><li class=\"wpv-pagination-nav-links-item js-wpv-pagination-nav-links-item page-item wpv-page-link-5253-2 js-wpv-page-link-5253-2\"><a class=\"wpv-filter-pagination-link js-wpv-pagination-link page-link\" title=\"2\" href=\"\/en\/wp-json\/wp\/v2\/pages\/3859?wpv_view_count=5253&#038;wpv_paged=2\" data-viewnumber=\"5253\" data-page=\"2\">2<\/a><\/li><li class=\"wpv-pagination-nav-links-item js-wpv-pagination-nav-links-item page-item wpv-page-link-5253-3 js-wpv-page-link-5253-3\"><a class=\"wpv-filter-pagination-link js-wpv-pagination-link page-link\" title=\"3\" href=\"\/en\/wp-json\/wp\/v2\/pages\/3859?wpv_view_count=5253&#038;wpv_paged=3\" data-viewnumber=\"5253\" data-page=\"3\">3<\/a><\/li><\/ul>\n\t\n\t\n\t\n<\/div>\n\n<p>[\/et_pb_text][\/et_pb_column][\/et_pb_row][\/et_pb_section]<\/p>\n","protected":false},"excerpt":{"rendered":"<p>Calendar {!{wpv-view name=&#8217;calendar-view&#8217;}!} Do not miss {!{wpv-view name=&#8217;events-view&#8217;}!}<\/p>\n","protected":false},"author":1,"featured_media":0,"parent":0,"menu_order":0,"comment_status":"closed","ping_status":"closed","template":"","meta":{"_et_pb_use_builder":"on","_et_pb_old_content":"","_et_gb_content_width":"","inline_featured_image":false,"footnotes":""},"class_list":["post-3859","page","type-page","status-publish","hentry"],"_links":{"self":[{"href":"https:\/\/raskaturizam.rs\/en\/wp-json\/wp\/v2\/pages\/3859","targetHints":{"allow":["GET"]}}],"collection":[{"href":"https:\/\/raskaturizam.rs\/en\/wp-json\/wp\/v2\/pages"}],"about":[{"href":"https:\/\/raskaturizam.rs\/en\/wp-json\/wp\/v2\/types\/page"}],"author":[{"embeddable":true,"href":"https:\/\/raskaturizam.rs\/en\/wp-json\/wp\/v2\/users\/1"}],"replies":[{"embeddable":true,"href":"https:\/\/raskaturizam.rs\/en\/wp-json\/wp\/v2\/comments?post=3859"}],"version-history":[{"count":0,"href":"https:\/\/raskaturizam.rs\/en\/wp-json\/wp\/v2\/pages\/3859\/revisions"}],"wp:attachment":[{"href":"https:\/\/raskaturizam.rs\/en\/wp-json\/wp\/v2\/media?parent=3859"}],"curies":[{"name":"wp","href":"https:\/\/api.w.org\/{rel}","templated":true}]}}